{"id":420,"date":"2021-05-24T14:40:00","date_gmt":"2021-05-24T12:40:00","guid":{"rendered":"https:\/\/nawfal.me\/?page_id=420"},"modified":"2021-05-24T14:41:23","modified_gmt":"2021-05-24T12:41:23","slug":"services","status":"publish","type":"page","link":"https:\/\/www.nafcom.be\/?page_id=420","title":{"rendered":"Services"},"content":{"rendered":"\t\t<div data-elementor-type=\"wp-page\" data-elementor-id=\"420\" class=\"elementor elementor-420\" data-elementor-settings=\"{&quot;ha_cmc_init_switcher&quot;:&quot;no&quot;}\" data-elementor-post-type=\"page\">\n\t\t\t\t\t\t<section class=\"elementor-section elementor-top-section elementor-element elementor-element-8928822 elementor-section-boxed elementor-section-height-default elementor-section-height-default\" data-id=\"8928822\" data-element_type=\"section\" data-e-type=\"section\" data-settings=\"{&quot;_ha_eqh_enable&quot;:false}\">\n\t\t\t\t\t\t<div class=\"elementor-container elementor-column-gap-default\">\n\t\t\t\t\t<div class=\"elementor-column elementor-col-100 elementor-top-column elementor-element elementor-element-b4cce10\" data-id=\"b4cce10\" data-element_type=\"column\" data-e-type=\"column\">\n\t\t\t<div class=\"elementor-widget-wrap elementor-element-populated\">\n\t\t\t\t\t\t<div class=\"elementor-element elementor-element-2eb138f elementor-widget elementor-widget-heading\" data-id=\"2eb138f\" data-element_type=\"widget\" data-e-type=\"widget\" data-widget_type=\"heading.default\">\n\t\t\t\t<div class=\"elementor-widget-container\">\n\t\t\t\t\t<h2 class=\"elementor-heading-title elementor-size-default\">Explorez nos diff\u00e9rents services...<\/h2>\t\t\t\t<\/div>\n\t\t\t\t<\/div>\n\t\t\t\t\t<\/div>\n\t\t<\/div>\n\t\t\t\t\t<\/div>\n\t\t<\/section>\n\t\t\t\t<section class=\"elementor-section elementor-top-section elementor-element elementor-element-c174e66 elementor-section-boxed elementor-section-height-default elementor-section-height-default\" data-id=\"c174e66\" data-element_type=\"section\" data-e-type=\"section\" data-settings=\"{&quot;_ha_eqh_enable&quot;:false}\">\n\t\t\t\t\t\t<div class=\"elementor-container elementor-column-gap-default\">\n\t\t\t\t\t<div class=\"elementor-column elementor-col-50 elementor-top-column elementor-element elementor-element-d7d01b2\" data-id=\"d7d01b2\" data-element_type=\"column\" data-e-type=\"column\">\n\t\t\t<div class=\"elementor-widget-wrap elementor-element-populated\">\n\t\t\t\t\t\t<div class=\"elementor-element elementor-element-35189db elementor-flip-box--effect-push elementor-flip-box--direction-up elementor-widget elementor-widget-flip-box\" data-id=\"35189db\" data-element_type=\"widget\" data-e-type=\"widget\" data-widget_type=\"flip-box.default\">\n\t\t\t\t<div class=\"elementor-widget-container\">\n\t\t\t\t\t\t\t<div class=\"elementor-flip-box\" tabindex=\"0\">\n\t\t\t<div class=\"elementor-flip-box__layer elementor-flip-box__front\">\n\t\t\t\t<div class=\"elementor-flip-box__layer__overlay\">\n\t\t\t\t\t<div class=\"elementor-flip-box__layer__inner\">\n\t\t\t\t\t\t\t\t\t\t\t\t\t<div class=\"elementor-icon-wrapper elementor-view-default\">\n\t\t\t\t\t\t\t\t<div class=\"elementor-icon\">\n\t\t\t\t\t\t\t\t\t<svg xmlns=\"http:\/\/www.w3.org\/2000\/svg\" id=\"Layer_1\" height=\"512\" viewBox=\"0 0 512.418 512.418\" width=\"512\"><path d=\"m437.335 75.082c-100.1-100.102-262.136-100.118-362.252 0-100.103 100.102-100.118 262.136 0 362.253 100.1 100.102 262.136 100.117 362.252 0 100.103-100.102 100.117-262.136 0-362.253zm-10.706 325.739c-11.968-10.702-24.77-20.173-38.264-28.335 8.919-30.809 14.203-64.712 15.452-99.954h75.309c-3.405 47.503-21.657 92.064-52.497 128.289zm-393.338-128.289h75.309c1.249 35.242 6.533 69.145 15.452 99.954-13.494 8.162-26.296 17.633-38.264 28.335-30.84-36.225-49.091-80.786-52.497-128.289zm52.498-160.936c11.968 10.702 24.77 20.173 38.264 28.335-8.919 30.809-14.203 64.712-15.452 99.954h-75.31c3.406-47.502 21.657-92.063 52.498-128.289zm154.097 31.709c-26.622-1.904-52.291-8.461-76.088-19.278 13.84-35.639 39.354-78.384 76.088-88.977zm0 32.708v63.873h-98.625c1.13-29.812 5.354-58.439 12.379-84.632 27.043 11.822 56.127 18.882 86.246 20.759zm0 96.519v63.873c-30.119 1.877-59.203 8.937-86.246 20.759-7.025-26.193-11.249-54.82-12.379-84.632zm0 96.581v108.254c-36.732-10.593-62.246-53.333-76.088-88.976 23.797-10.817 49.466-17.374 76.088-19.278zm32.646 0c26.622 1.904 52.291 8.461 76.088 19.278-13.841 35.64-39.354 78.383-76.088 88.976zm0-32.708v-63.873h98.625c-1.13 29.812-5.354 58.439-12.379 84.632-27.043-11.822-56.127-18.882-86.246-20.759zm0-96.519v-63.873c30.119-1.877 59.203-8.937 86.246-20.759 7.025 26.193 11.249 54.82 12.379 84.632zm0-96.581v-108.254c36.734 10.593 62.248 53.338 76.088 88.977-23.797 10.816-49.466 17.373-76.088 19.277zm73.32-91.957c20.895 9.15 40.389 21.557 57.864 36.951-8.318 7.334-17.095 13.984-26.26 19.931-8.139-20.152-18.536-39.736-31.604-56.882zm-210.891 56.882c-9.165-5.947-17.941-12.597-26.26-19.931 17.475-15.394 36.969-27.801 57.864-36.951-13.068 17.148-23.465 36.732-31.604 56.882zm.001 295.958c8.138 20.151 18.537 39.736 31.604 56.882-20.895-9.15-40.389-21.557-57.864-36.951 8.318-7.334 17.095-13.984 26.26-19.931zm242.494 0c9.165 5.947 17.942 12.597 26.26 19.93-17.475 15.394-36.969 27.801-57.864 36.951 13.067-17.144 23.465-36.729 31.604-56.881zm26.362-164.302c-1.249-35.242-6.533-69.146-15.452-99.954 13.494-8.162 26.295-17.633 38.264-28.335 30.84 36.225 49.091 80.786 52.497 128.289z\"><\/path><\/svg>\t\t\t\t\t\t\t\t<\/div>\n\t\t\t\t\t\t\t<\/div>\n\t\t\t\t\t\t\n\t\t\t\t\t\t\t\t\t\t\t\t\t<h3 class=\"elementor-flip-box__layer__title\">\n\t\t\t\t\t\t\t\tWEB\t\t\t\t\t\t\t<\/h3>\n\t\t\t\t\t\t\n\t\t\t\t\t\t\t\t\t\t\t<\/div>\n\t\t\t\t<\/div>\n\t\t\t<\/div>\n\t\t\t<div class=\"elementor-flip-box__layer elementor-flip-box__back\">\n\t\t\t<div class=\"elementor-flip-box__layer__overlay\">\n\t\t\t\t<div class=\"elementor-flip-box__layer__inner\">\n\t\t\t\t\t\t\t\t\t\t\t<h3 class=\"elementor-flip-box__layer__title\">\n\t\t\t\t\t\t\tWEB\t\t\t\t\t\t<\/h3>\n\t\t\t\t\t\n\t\t\t\t\t\t\t\t\t\t\t<div class=\"elementor-flip-box__layer__description\">\n\t\t\t\t\t\t\tSites web, r\u00e9seaux sociaux, r\u00e9f\u00e9rencement Google SEO, SEA...\t\t\t\t\t\t<\/div>\n\t\t\t\t\t\n\t\t\t\t\t\t\t\t\t\t\t<a class=\"elementor-flip-box__button elementor-button elementor-size-sm\" href=\"https:\/\/nawfal.me\/?page_id=361(ouvre%20un%20nouvel%20onglet)\">\n\t\t\t\t\t\t\tD\u00e9couvrez nos services\t\t\t\t\t\t<\/a>\n\t\t\t\t\t\t\t\t<\/div>\n\t\t<\/div>\n\t\t<\/div>\n\t\t<\/div>\n\t\t\t\t\t\t<\/div>\n\t\t\t\t<\/div>\n\t\t\t\t<div class=\"elementor-element elementor-element-5e46b5f elementor-flip-box--effect-push elementor-flip-box--direction-up elementor-widget elementor-widget-flip-box\" data-id=\"5e46b5f\" data-element_type=\"widget\" data-e-type=\"widget\" data-widget_type=\"flip-box.default\">\n\t\t\t\t<div class=\"elementor-widget-container\">\n\t\t\t\t\t\t\t<div class=\"elementor-flip-box\" tabindex=\"0\">\n\t\t\t<div class=\"elementor-flip-box__layer elementor-flip-box__front\">\n\t\t\t\t<div class=\"elementor-flip-box__layer__overlay\">\n\t\t\t\t\t<div class=\"elementor-flip-box__layer__inner\">\n\t\t\t\t\t\t\t\t\t\t\t\t\t<div class=\"elementor-icon-wrapper elementor-view-default\">\n\t\t\t\t\t\t\t\t<div class=\"elementor-icon\">\n\t\t\t\t\t\t\t\t\t<svg xmlns=\"http:\/\/www.w3.org\/2000\/svg\" height=\"496pt\" viewBox=\"0 0 496 496\" width=\"496pt\"><path d=\"m496 366.777344v-77.546875l-31.871094-5.308594c-1.191406-3.21875-2.535156-6.441406-4.03125-9.648437l18.804688-26.328126-54.839844-54.839843-26.328125 18.816406c-3.207031-1.507813-6.429687-2.84375-9.644531-4.042969l-4.089844-24.542968v-114.648438l-68.6875-68.6875h-187.3125v64h-104v176h-8c-8.824219 0-16 7.175781-16 16v224c0 8.824219 7.175781 16 16 16h288c8.824219 0 16-7.175781 16-16h62.777344l5.3125-31.863281c3.207031-1.191407 6.429687-2.535157 9.644531-4.039063l26.328125 18.8125 54.839844-54.839844-18.804688-26.328124c1.496094-3.207032 2.839844-6.429688 4.03125-9.644532zm-176-339.464844 36.6875 36.6875h-36.6875zm-176-11.3125h160v64h64v96h-62.777344l-5.3125 31.863281c-3.207031 1.191407-6.429687 2.535157-9.644531 4.039063l-10.265625-7.335938v-60.566406h72v-16h-72v-16h72v-16h-72v-32h-136zm-104 64h224v113.136719l-.054688-.039063-6.511718 6.511719c-4.386719-4.65625-10.554688-7.609375-17.433594-7.609375h-160c-13.230469 0-24 10.769531-24 24v24h-16zm32 160v-24c0-4.414062 3.59375-8 8-8h160c4.40625 0 8 3.585938 8 8v24zm232 16v35.472656l-104 62.398438v-1.871094c0-8.824219-7.175781-16-16-16h-48c-8.824219 0-16 7.175781-16 16v1.871094l-104-62.398438v-35.472656zm16 30.566406c7.289062-4.222656 15.480469-6.566406 24-6.566406 26.472656 0 48 21.527344 48 48s-21.527344 48-48 48c-8.535156 0-16.710938-2.34375-24-6.574219zm0 100.585938c7.585938 3.078125 15.65625 4.847656 24 4.847656 35.289062 0 64-28.710938 64-64s-28.710938-64-64-64c-8.335938 0-16.414062 1.753906-24 4.832031v-12.832031c0-1.433594-.246094-2.792969-.609375-4.113281 7.90625-2.558594 16.136719-3.886719 24.609375-3.886719 44.113281 0 80 35.886719 80 80s-35.886719 80-80 80c-8.222656 0-16.265625-1.296875-24-3.734375zm-135.992188-3.152344h-48.007812v-32h48zm-168.007812 96v-16h240v-16h-240v-137.871094l104 62.398438v11.472656c0 8.824219 7.175781 16 16 16h48c8.824219 0 16-7.175781 16-16v-11.472656l104-62.398438.007812 137.871094h-32.007812v16h32.007812v16zm442-73.671875-35.664062 35.671875-23.136719-16.519531-4.335938 2.207031c-5.457031 2.792969-10.953125 5.089844-16.351562 6.832031l-4.625 1.503907-4.664063 27.976562h-49.222656v-43.113281c7.800781 2.015625 15.824219 3.113281 24 3.113281 52.9375 0 96-43.0625 96-96s-43.0625-96-96-96c-13.441406 0-26.390625 2.785156-38.574219 8.144531-.472656-.039062-.9375-.144531-1.425781-.144531h-40v-24c0-.105469-.03125-.199219-.03125-.304688l1.695312-1.695312 23.136719 16.519531 4.335938-2.207031c5.457031-2.792969 10.953125-5.089844 16.351562-6.832031l4.625-1.503907 4.664063-27.976562h50.445312l4.664063 27.976562 4.625 1.503907c5.398437 1.75 10.894531 4.046875 16.351562 6.832031l4.335938 2.207031 23.136719-16.519531 35.664062 35.671875-16.519531 23.136719 2.207031 4.328125c2.785156 5.449219 5.082031 10.941406 6.832031 16.359375l1.496094 4.625 27.984375 4.65625v50.453125l-27.984375 4.65625-1.496094 4.625c-1.75 5.417969-4.054687 10.914062-6.832031 16.359375l-2.207031 4.328125zm0 0\"><\/path><path d=\"m336 200h16v16h-16zm0 0\"><\/path><path d=\"m417.539062 243.148438 11.3125-11.3125 11.316407 11.3125-11.316407 11.3125zm0 0\"><\/path><path d=\"m456 320h16v16h-16zm0 0\"><\/path><path d=\"m417.539062 412.851562 11.3125-11.3125 11.3125 11.3125-11.3125 11.3125zm0 0\"><\/path><path d=\"m336 440h16v16h-16zm0 0\"><\/path><path d=\"m56 96h192v16h-192zm0 0\"><\/path><path d=\"m56 128h16v16h-16zm0 0\"><\/path><path d=\"m88 128h16v16h-16zm0 0\"><\/path><path d=\"m120 128h128v16h-128zm0 0\"><\/path><path d=\"m56 160h192v16h-192zm0 0\"><\/path><path d=\"m160 32h16v16h-16zm0 0\"><\/path><path d=\"m192 32h64v16h-64zm0 0\"><\/path><path d=\"m272 32h16v16h-16zm0 0\"><\/path><\/svg>\t\t\t\t\t\t\t\t<\/div>\n\t\t\t\t\t\t\t<\/div>\n\t\t\t\t\t\t\n\t\t\t\t\t\t\t\t\t\t\t\t\t<h3 class=\"elementor-flip-box__layer__title\">\n\t\t\t\t\t\t\t\tSupport administratif\t\t\t\t\t\t\t<\/h3>\n\t\t\t\t\t\t\n\t\t\t\t\t\t\t\t\t\t\t<\/div>\n\t\t\t\t<\/div>\n\t\t\t<\/div>\n\t\t\t<div class=\"elementor-flip-box__layer elementor-flip-box__back\">\n\t\t\t<div class=\"elementor-flip-box__layer__overlay\">\n\t\t\t\t<div class=\"elementor-flip-box__layer__inner\">\n\t\t\t\t\t\t\t\t\t\t\t<h3 class=\"elementor-flip-box__layer__title\">\n\t\t\t\t\t\t\tSupport administratif\t\t\t\t\t\t<\/h3>\n\t\t\t\t\t\n\t\t\t\t\t\t\t\t\t\t\t<div class=\"elementor-flip-box__layer__description\">\n\t\t\t\t\t\t\tMise en conformit\u00e9  (AFSCA ou autres contr\u00f4les), demandes de subsides...\t\t\t\t\t\t<\/div>\n\t\t\t\t\t\n\t\t\t\t\t\t\t\t\t\t\t<a class=\"elementor-flip-box__button elementor-button elementor-size-sm\" href=\"https:\/\/nawfal.me\/?page_id=388\">\n\t\t\t\t\t\t\tD\u00e9couvrez nos services\t\t\t\t\t\t<\/a>\n\t\t\t\t\t\t\t\t<\/div>\n\t\t<\/div>\n\t\t<\/div>\n\t\t<\/div>\n\t\t\t\t\t\t<\/div>\n\t\t\t\t<\/div>\n\t\t\t\t\t<\/div>\n\t\t<\/div>\n\t\t\t\t<div class=\"elementor-column elementor-col-50 elementor-top-column elementor-element elementor-element-d0ef5b8\" data-id=\"d0ef5b8\" data-element_type=\"column\" data-e-type=\"column\">\n\t\t\t<div class=\"elementor-widget-wrap elementor-element-populated\">\n\t\t\t\t\t\t<div class=\"elementor-element elementor-element-5d722be elementor-flip-box--effect-push elementor-flip-box--direction-up elementor-widget elementor-widget-flip-box\" data-id=\"5d722be\" data-element_type=\"widget\" data-e-type=\"widget\" data-widget_type=\"flip-box.default\">\n\t\t\t\t<div class=\"elementor-widget-container\">\n\t\t\t\t\t\t\t<div class=\"elementor-flip-box\" tabindex=\"0\">\n\t\t\t<div class=\"elementor-flip-box__layer elementor-flip-box__front\">\n\t\t\t\t<div class=\"elementor-flip-box__layer__overlay\">\n\t\t\t\t\t<div class=\"elementor-flip-box__layer__inner\">\n\t\t\t\t\t\t\t\t\t\t\t\t\t<div class=\"elementor-icon-wrapper elementor-view-default\">\n\t\t\t\t\t\t\t\t<div class=\"elementor-icon\">\n\t\t\t\t\t\t\t\t\t<svg xmlns=\"http:\/\/www.w3.org\/2000\/svg\" id=\"Capa_1\" height=\"512\" viewBox=\"0 0 512 512\" width=\"512\"><g><path d=\"m239.145 365.479h-134.213c-4.143 0-7.5 3.357-7.5 7.5s3.357 7.5 7.5 7.5h134.213c4.143 0 7.5-3.357 7.5-7.5s-3.357-7.5-7.5-7.5z\"><\/path><path d=\"m239.145 407.137h-134.213c-4.143 0-7.5 3.357-7.5 7.5s3.357 7.5 7.5 7.5h134.213c4.143 0 7.5-3.357 7.5-7.5s-3.357-7.5-7.5-7.5z\"><\/path><path d=\"m239.145 448.796h-134.213c-4.143 0-7.5 3.357-7.5 7.5s3.357 7.5 7.5 7.5h134.213c4.143 0 7.5-3.357 7.5-7.5s-3.357-7.5-7.5-7.5z\"><\/path><path d=\"m442.787 50.901c0-8.804-7.162-15.966-15.965-15.966h-58.816c-8.804 0-15.966 7.162-15.966 15.966v58.816c0 8.803 7.162 15.965 15.966 15.965h58.816c8.803 0 15.965-7.162 15.965-15.965zm-15 58.817c0 .532-.433.965-.965.965h-58.816c-.532 0-.966-.433-.966-.965v-58.817c0-.532.434-.966.966-.966h58.816c.532 0 .965.434.965.966z\"><\/path><path d=\"m435.287 164.292h-81.884c-4.143 0-7.5 3.357-7.5 7.5s3.357 7.5 7.5 7.5h81.884c4.143 0 7.5-3.357 7.5-7.5s-3.358-7.5-7.5-7.5z\"><\/path><path d=\"m435.287 208.33h-81.884c-4.143 0-7.5 3.357-7.5 7.5s3.357 7.5 7.5 7.5h81.884c4.143 0 7.5-3.357 7.5-7.5s-3.358-7.5-7.5-7.5z\"><\/path><path d=\"m435.287 252.367h-81.884c-4.143 0-7.5 3.357-7.5 7.5s3.357 7.5 7.5 7.5h81.884c4.143 0 7.5-3.357 7.5-7.5s-3.358-7.5-7.5-7.5z\"><\/path><path d=\"m435.287 296.404h-81.884c-4.143 0-7.5 3.357-7.5 7.5s3.357 7.5 7.5 7.5h81.884c4.143 0 7.5-3.357 7.5-7.5s-3.358-7.5-7.5-7.5z\"><\/path><path d=\"m93.04 205.916h39.037c4.143 0 7.5-3.357 7.5-7.5s-3.357-7.5-7.5-7.5h-39.037c-8.999 0-16.32 7.321-16.32 16.32v108.611c0 8.999 7.321 16.32 16.32 16.32h157.998c8.999 0 16.32-7.321 16.32-16.32v-108.611c0-8.999-7.321-16.32-16.32-16.32h-88.974c-4.143 0-7.5 3.357-7.5 7.5s3.357 7.5 7.5 7.5h88.974c.728 0 1.32.593 1.32 1.32v108.611c0 .728-.593 1.32-1.32 1.32h-157.998c-.728 0-1.32-.593-1.32-1.32v-108.611c-.001-.727.592-1.32 1.32-1.32z\"><\/path><path d=\"m479.416 263.061c4.143 0 7.5-3.357 7.5-7.5v-243.286c0-6.768-5.507-12.275-12.276-12.275h-274.134c-4.155 0-7.5 3.402-7.5 7.5v129.836h-155.646c-6.769 0-12.275 5.507-12.275 12.275v350.113c0 6.769 5.507 12.275 12.275 12.275h32.31c4.143 0 7.5-3.357 7.5-7.5s-3.357-7.5-7.5-7.5h-29.586v-344.663h263.908v344.664h-204.336c-4.143 0-7.5 3.357-7.5 7.5s3.357 7.5 7.5 7.5h207.062c6.769 0 12.275-5.507 12.275-12.275v-125.062h155.647c6.769 0 12.275-5.507 12.275-12.275v-76.84c0-4.143-3.357-7.5-7.5-7.5s-7.5 3.357-7.5 7.5v74.115h-152.922v-214.827c0-2.506-1.246-3.975-1.718-4.777l-101.064-125.059h255.705v240.561c0 4.142 3.357 7.5 7.5 7.5zm-271.409-125.725v-108.623l87.781 108.623z\"><\/path><\/g><\/svg>\t\t\t\t\t\t\t\t<\/div>\n\t\t\t\t\t\t\t<\/div>\n\t\t\t\t\t\t\n\t\t\t\t\t\t\t\t\t\t\t\t\t<h3 class=\"elementor-flip-box__layer__title\">\n\t\t\t\t\t\t\t\tR\u00e9alisations graphiques\t\t\t\t\t\t\t<\/h3>\n\t\t\t\t\t\t\n\t\t\t\t\t\t\t\t\t\t\t<\/div>\n\t\t\t\t<\/div>\n\t\t\t<\/div>\n\t\t\t<div class=\"elementor-flip-box__layer elementor-flip-box__back\">\n\t\t\t<div class=\"elementor-flip-box__layer__overlay\">\n\t\t\t\t<div class=\"elementor-flip-box__layer__inner\">\n\t\t\t\t\t\t\t\t\t\t\t<h3 class=\"elementor-flip-box__layer__title\">\n\t\t\t\t\t\t\tR\u00e9alisations graphiques\t\t\t\t\t\t<\/h3>\n\t\t\t\t\t\n\t\t\t\t\t\t\t\t\t\t\t<div class=\"elementor-flip-box__layer__description\">\n\t\t\t\t\t\t\tFlyers, vitrines de magasin, uniformes, logos...\t\t\t\t\t\t<\/div>\n\t\t\t\t\t\n\t\t\t\t\t\t\t\t\t\t\t<a class=\"elementor-flip-box__button elementor-button elementor-size-sm\" href=\"https:\/\/nawfal.me\/?page_id=378\">\n\t\t\t\t\t\t\tD\u00e9couvrez nos services\t\t\t\t\t\t<\/a>\n\t\t\t\t\t\t\t\t<\/div>\n\t\t<\/div>\n\t\t<\/div>\n\t\t<\/div>\n\t\t\t\t\t\t<\/div>\n\t\t\t\t<\/div>\n\t\t\t\t<div class=\"elementor-element elementor-element-3cff28a elementor-flip-box--effect-push elementor-flip-box--direction-up elementor-widget elementor-widget-flip-box\" data-id=\"3cff28a\" data-element_type=\"widget\" data-e-type=\"widget\" data-widget_type=\"flip-box.default\">\n\t\t\t\t<div class=\"elementor-widget-container\">\n\t\t\t\t\t\t\t<div class=\"elementor-flip-box\" tabindex=\"0\">\n\t\t\t<div class=\"elementor-flip-box__layer elementor-flip-box__front\">\n\t\t\t\t<div class=\"elementor-flip-box__layer__overlay\">\n\t\t\t\t\t<div class=\"elementor-flip-box__layer__inner\">\n\t\t\t\t\t\t\t\t\t\t\t\t\t<div class=\"elementor-icon-wrapper elementor-view-default\">\n\t\t\t\t\t\t\t\t<div class=\"elementor-icon\">\n\t\t\t\t\t\t\t\t\t<svg xmlns=\"http:\/\/www.w3.org\/2000\/svg\" id=\"Capa_1\" height=\"512\" viewBox=\"0 0 512 512\" width=\"512\"><g><path d=\"m338.95 243.28-120-75c-4.625-2.89-10.453-3.043-15.222-.4-4.77 2.643-7.729 7.667-7.729 13.12v150c0 5.453 2.959 10.476 7.729 13.12 2.266 1.256 4.77 1.88 7.271 1.88 2.763 0 5.522-.763 7.95-2.28l120-75c4.386-2.741 7.05-7.548 7.05-12.72s-2.663-9.979-7.049-12.72zm-112.95 60.656v-95.873l76.698 47.937z\"><\/path><path d=\"m437 61h-362c-41.355 0-75 33.645-75 75v240c0 41.355 33.645 75 75 75h362c41.355 0 75-33.645 75-75v-240c0-41.355-33.645-75-75-75zm45 315c0 24.813-20.187 45-45 45h-362c-24.813 0-45-20.187-45-45v-240c0-24.813 20.187-45 45-45h362c24.813 0 45 20.187 45 45z\"><\/path><\/g><\/svg>\t\t\t\t\t\t\t\t<\/div>\n\t\t\t\t\t\t\t<\/div>\n\t\t\t\t\t\t\n\t\t\t\t\t\t\t\t\t\t\t\t\t<h3 class=\"elementor-flip-box__layer__title\">\n\t\t\t\t\t\t\t\tEt plus encore...\t\t\t\t\t\t\t<\/h3>\n\t\t\t\t\t\t\n\t\t\t\t\t\t\t\t\t\t\t<\/div>\n\t\t\t\t<\/div>\n\t\t\t<\/div>\n\t\t\t<div class=\"elementor-flip-box__layer elementor-flip-box__back\">\n\t\t\t<div class=\"elementor-flip-box__layer__overlay\">\n\t\t\t\t<div class=\"elementor-flip-box__layer__inner\">\n\t\t\t\t\t\t\t\t\t\t\t<h3 class=\"elementor-flip-box__layer__title\">\n\t\t\t\t\t\t\tEt plus encore...\t\t\t\t\t\t<\/h3>\n\t\t\t\t\t\n\t\t\t\t\t\t\t\t\t\t\t<div class=\"elementor-flip-box__layer__description\">\n\t\t\t\t\t\t\tR\u00e9alisation de spots vid\u00e9o, organisation d'\u00e9v\u00e9nements...\t\t\t\t\t\t<\/div>\n\t\t\t\t\t\n\t\t\t\t\t\t\t\t\t\t\t<a class=\"elementor-flip-box__button elementor-button elementor-size-sm\" href=\"https:\/\/nawfal.me\/?page_id=397\">\n\t\t\t\t\t\t\tD\u00e9couvrez nos services\t\t\t\t\t\t<\/a>\n\t\t\t\t\t\t\t\t<\/div>\n\t\t<\/div>\n\t\t<\/div>\n\t\t<\/div>\n\t\t\t\t\t\t<\/div>\n\t\t\t\t<\/div>\n\t\t\t\t\t<\/div>\n\t\t<\/div>\n\t\t\t\t\t<\/div>\n\t\t<\/section>\n\t\t\t\t<\/div>\n\t\t","protected":false},"excerpt":{"rendered":"<p>Explorez nos diff\u00e9rents services&#8230; WEB WEB Sites web, r\u00e9seaux sociaux, r\u00e9f\u00e9rencement Google SEO, SEA&#8230; D\u00e9couvrez nos services Support administratif Support administratif Mise en conformit\u00e9 (AFSCA ou autres contr\u00f4les), demandes de subsides&#8230; D\u00e9couvrez nos services R\u00e9alisations graphiques R\u00e9alisations graphiques Flyers, vitrines de magasin, uniformes, logos&#8230; D\u00e9couvrez nos services Et plus encore&#8230; Et plus encore&#8230; R\u00e9alisation de [&hellip;]<\/p>\n","protected":false},"author":2,"featured_media":0,"parent":0,"menu_order":0,"comment_status":"closed","ping_status":"closed","template":"","meta":{"footnotes":""},"class_list":["post-420","page","type-page","status-publish","hentry"],"yoast_head":"<!-- This site is optimized with the Yoast SEO plugin v27.5 - https:\/\/yoast.com\/product\/yoast-seo-wordpress\/ -->\n<title>Services - nafcom<\/title>\n<meta name=\"robots\" content=\"index, follow, max-snippet:-1, max-image-preview:large, max-video-preview:-1\" \/>\n<link rel=\"canonical\" href=\"https:\/\/www.nafcom.be\/?page_id=420\" \/>\n<meta property=\"og:locale\" content=\"fr_FR\" \/>\n<meta property=\"og:type\" content=\"article\" \/>\n<meta property=\"og:title\" content=\"Services - nafcom\" \/>\n<meta property=\"og:description\" content=\"Explorez nos diff\u00e9rents services&#8230; WEB WEB Sites web, r\u00e9seaux sociaux, r\u00e9f\u00e9rencement Google SEO, SEA&#8230; D\u00e9couvrez nos services Support administratif Support administratif Mise en conformit\u00e9 (AFSCA ou autres contr\u00f4les), demandes de subsides&#8230; D\u00e9couvrez nos services R\u00e9alisations graphiques R\u00e9alisations graphiques Flyers, vitrines de magasin, uniformes, logos&#8230; D\u00e9couvrez nos services Et plus encore&#8230; Et plus encore&#8230; R\u00e9alisation de [&hellip;]\" \/>\n<meta property=\"og:url\" content=\"https:\/\/www.nafcom.be\/?page_id=420\" \/>\n<meta property=\"og:site_name\" content=\"nafcom\" \/>\n<meta property=\"article:modified_time\" content=\"2021-05-24T12:41:23+00:00\" \/>\n<meta name=\"twitter:card\" content=\"summary_large_image\" \/>\n<meta name=\"twitter:label1\" content=\"Dur\u00e9e de lecture estim\u00e9e\" \/>\n\t<meta name=\"twitter:data1\" content=\"1 minute\" \/>\n<script type=\"application\/ld+json\" class=\"yoast-schema-graph\">{\"@context\":\"https:\\\/\\\/schema.org\",\"@graph\":[{\"@type\":\"WebPage\",\"@id\":\"https:\\\/\\\/www.nafcom.be\\\/?page_id=420\",\"url\":\"https:\\\/\\\/www.nafcom.be\\\/?page_id=420\",\"name\":\"Services - nafcom\",\"isPartOf\":{\"@id\":\"https:\\\/\\\/www.nafcom.be\\\/#website\"},\"datePublished\":\"2021-05-24T12:40:00+00:00\",\"dateModified\":\"2021-05-24T12:41:23+00:00\",\"breadcrumb\":{\"@id\":\"https:\\\/\\\/www.nafcom.be\\\/?page_id=420#breadcrumb\"},\"inLanguage\":\"fr-FR\",\"potentialAction\":[{\"@type\":\"ReadAction\",\"target\":[\"https:\\\/\\\/www.nafcom.be\\\/?page_id=420\"]}]},{\"@type\":\"BreadcrumbList\",\"@id\":\"https:\\\/\\\/www.nafcom.be\\\/?page_id=420#breadcrumb\",\"itemListElement\":[{\"@type\":\"ListItem\",\"position\":1,\"name\":\"Accueil\",\"item\":\"https:\\\/\\\/www.nafcom.be\\\/\"},{\"@type\":\"ListItem\",\"position\":2,\"name\":\"Services\"}]},{\"@type\":\"WebSite\",\"@id\":\"https:\\\/\\\/www.nafcom.be\\\/#website\",\"url\":\"https:\\\/\\\/www.nafcom.be\\\/\",\"name\":\"nafcom\",\"description\":\"Optimisez votre visibilit\u00e9\",\"publisher\":{\"@id\":\"https:\\\/\\\/www.nafcom.be\\\/#organization\"},\"potentialAction\":[{\"@type\":\"SearchAction\",\"target\":{\"@type\":\"EntryPoint\",\"urlTemplate\":\"https:\\\/\\\/www.nafcom.be\\\/?s={search_term_string}\"},\"query-input\":{\"@type\":\"PropertyValueSpecification\",\"valueRequired\":true,\"valueName\":\"search_term_string\"}}],\"inLanguage\":\"fr-FR\"},{\"@type\":\"Organization\",\"@id\":\"https:\\\/\\\/www.nafcom.be\\\/#organization\",\"name\":\"nafcom\",\"url\":\"https:\\\/\\\/www.nafcom.be\\\/\",\"logo\":{\"@type\":\"ImageObject\",\"inLanguage\":\"fr-FR\",\"@id\":\"https:\\\/\\\/www.nafcom.be\\\/#\\\/schema\\\/logo\\\/image\\\/\",\"url\":\"https:\\\/\\\/www.nafcom.be\\\/wp-content\\\/uploads\\\/2021\\\/02\\\/Plan-de-travail-2-2.png\",\"contentUrl\":\"https:\\\/\\\/www.nafcom.be\\\/wp-content\\\/uploads\\\/2021\\\/02\\\/Plan-de-travail-2-2.png\",\"width\":380,\"height\":140,\"caption\":\"nafcom\"},\"image\":{\"@id\":\"https:\\\/\\\/www.nafcom.be\\\/#\\\/schema\\\/logo\\\/image\\\/\"}}]}<\/script>\n<!-- \/ Yoast SEO plugin. -->","yoast_head_json":{"title":"Services - nafcom","robots":{"index":"index","follow":"follow","max-snippet":"max-snippet:-1","max-image-preview":"max-image-preview:large","max-video-preview":"max-video-preview:-1"},"canonical":"https:\/\/www.nafcom.be\/?page_id=420","og_locale":"fr_FR","og_type":"article","og_title":"Services - nafcom","og_description":"Explorez nos diff\u00e9rents services&#8230; WEB WEB Sites web, r\u00e9seaux sociaux, r\u00e9f\u00e9rencement Google SEO, SEA&#8230; D\u00e9couvrez nos services Support administratif Support administratif Mise en conformit\u00e9 (AFSCA ou autres contr\u00f4les), demandes de subsides&#8230; D\u00e9couvrez nos services R\u00e9alisations graphiques R\u00e9alisations graphiques Flyers, vitrines de magasin, uniformes, logos&#8230; D\u00e9couvrez nos services Et plus encore&#8230; Et plus encore&#8230; R\u00e9alisation de [&hellip;]","og_url":"https:\/\/www.nafcom.be\/?page_id=420","og_site_name":"nafcom","article_modified_time":"2021-05-24T12:41:23+00:00","twitter_card":"summary_large_image","twitter_misc":{"Dur\u00e9e de lecture estim\u00e9e":"1 minute"},"schema":{"@context":"https:\/\/schema.org","@graph":[{"@type":"WebPage","@id":"https:\/\/www.nafcom.be\/?page_id=420","url":"https:\/\/www.nafcom.be\/?page_id=420","name":"Services - nafcom","isPartOf":{"@id":"https:\/\/www.nafcom.be\/#website"},"datePublished":"2021-05-24T12:40:00+00:00","dateModified":"2021-05-24T12:41:23+00:00","breadcrumb":{"@id":"https:\/\/www.nafcom.be\/?page_id=420#breadcrumb"},"inLanguage":"fr-FR","potentialAction":[{"@type":"ReadAction","target":["https:\/\/www.nafcom.be\/?page_id=420"]}]},{"@type":"BreadcrumbList","@id":"https:\/\/www.nafcom.be\/?page_id=420#breadcrumb","itemListElement":[{"@type":"ListItem","position":1,"name":"Accueil","item":"https:\/\/www.nafcom.be\/"},{"@type":"ListItem","position":2,"name":"Services"}]},{"@type":"WebSite","@id":"https:\/\/www.nafcom.be\/#website","url":"https:\/\/www.nafcom.be\/","name":"nafcom","description":"Optimisez votre visibilit\u00e9","publisher":{"@id":"https:\/\/www.nafcom.be\/#organization"},"potentialAction":[{"@type":"SearchAction","target":{"@type":"EntryPoint","urlTemplate":"https:\/\/www.nafcom.be\/?s={search_term_string}"},"query-input":{"@type":"PropertyValueSpecification","valueRequired":true,"valueName":"search_term_string"}}],"inLanguage":"fr-FR"},{"@type":"Organization","@id":"https:\/\/www.nafcom.be\/#organization","name":"nafcom","url":"https:\/\/www.nafcom.be\/","logo":{"@type":"ImageObject","inLanguage":"fr-FR","@id":"https:\/\/www.nafcom.be\/#\/schema\/logo\/image\/","url":"https:\/\/www.nafcom.be\/wp-content\/uploads\/2021\/02\/Plan-de-travail-2-2.png","contentUrl":"https:\/\/www.nafcom.be\/wp-content\/uploads\/2021\/02\/Plan-de-travail-2-2.png","width":380,"height":140,"caption":"nafcom"},"image":{"@id":"https:\/\/www.nafcom.be\/#\/schema\/logo\/image\/"}}]}},"_links":{"self":[{"href":"https:\/\/www.nafcom.be\/index.php?rest_route=\/wp\/v2\/pages\/420","targetHints":{"allow":["GET"]}}],"collection":[{"href":"https:\/\/www.nafcom.be\/index.php?rest_route=\/wp\/v2\/pages"}],"about":[{"href":"https:\/\/www.nafcom.be\/index.php?rest_route=\/wp\/v2\/types\/page"}],"author":[{"embeddable":true,"href":"https:\/\/www.nafcom.be\/index.php?rest_route=\/wp\/v2\/users\/2"}],"replies":[{"embeddable":true,"href":"https:\/\/www.nafcom.be\/index.php?rest_route=%2Fwp%2Fv2%2Fcomments&post=420"}],"version-history":[{"count":4,"href":"https:\/\/www.nafcom.be\/index.php?rest_route=\/wp\/v2\/pages\/420\/revisions"}],"predecessor-version":[{"id":424,"href":"https:\/\/www.nafcom.be\/index.php?rest_route=\/wp\/v2\/pages\/420\/revisions\/424"}],"wp:attachment":[{"href":"https:\/\/www.nafcom.be\/index.php?rest_route=%2Fwp%2Fv2%2Fmedia&parent=420"}],"curies":[{"name":"wp","href":"https:\/\/api.w.org\/{rel}","templated":true}]}}